{"id":380,"date":"2014-03-09T13:01:18","date_gmt":"2014-03-09T12:01:18","guid":{"rendered":"http:\/\/ikar.hr\/wordpress\/?page_id=380"},"modified":"2016-03-03T12:33:16","modified_gmt":"2016-03-03T11:33:16","slug":"dekoracije","status":"publish","type":"page","link":"https:\/\/ikar.hr\/wordpress\/dekoracije\/","title":{"rendered":"Dekoracije"},"content":{"rendered":"<pre><span style=\"color: #0000ff;\">Neke dekorativne tehnike tvornice San Marco<\/span><\/pre>\n<p>Nova tehnika u asortimanu, SAN MARCO CAVERNIER<\/p>\n<p><a href=\"http:\/\/ikar.hr\/wordpress\/wp-content\/uploads\/2014\/03\/IMG_5106x-e1444126492698.jpg\" target=\"_blank\"><img loading=\"lazy\" class=\"alignnone size-full wp-image-473\" src=\"http:\/\/ikar.hr\/wordpress\/wp-content\/uploads\/2014\/03\/IMG_5106x-e1444126492698.jpg\" alt=\"IMG_5106x\" width=\"1200\" height=\"416\" \/><\/a><\/p>\n<p>Vi\u0161e o dekorativnim tehnikama na stranicama proizvo\u0111a\u010da <a href=\"http:\/\/decorativi.san-marco.com\/eng\/\" target=\"_blank\">SAN MARCO<\/a><\/p>\n<pre><!-- print_my_responsive_photo_gallery_func --><div id=\"divSliderMain_admin_gallery_slider69e074e5da37c\" style=\"max-width:600px;\">\n        <ul id=\"gallery_slider69e074e5da37c\" style=\"visibility: hidden\">\n                     \n                    <li><img data-target=\"1\" data-href=\"\" org-src-=\"http:\/\/ikar.hr\/wordpress\/wp-content\/uploads\/wp-responsive-photo-gallery\/093059ca8a745010f82a660096310784.jpg\"  \/><\/li> \n\n                             \n                    <li><img data-target=\"1\" data-href=\"\" org-src-=\"http:\/\/ikar.hr\/wordpress\/wp-content\/uploads\/wp-responsive-photo-gallery\/4a733a217d34c4a62767907f87188230.jpg\"  \/><\/li> \n\n                             \n                    <li><img data-target=\"1\" data-href=\"\" org-src-=\"http:\/\/ikar.hr\/wordpress\/wp-content\/uploads\/wp-responsive-photo-gallery\/b27b6bf24f84e30513638d1cb099d9eb.jpg\"  \/><\/li> \n\n                             \n                    <li><img data-target=\"1\" data-href=\"\" org-src-=\"http:\/\/ikar.hr\/wordpress\/wp-content\/uploads\/wp-responsive-photo-gallery\/d7644a36b568244f04d8972578fa2448.jpg\"  \/><\/li> \n\n                             \n                    <li><img data-target=\"1\" data-href=\"\" org-src-=\"http:\/\/ikar.hr\/wordpress\/wp-content\/uploads\/wp-responsive-photo-gallery\/c693dfef7283a239d592e06367c9ac5b.jpg\"  \/><\/li> \n\n                             \n                    <li><img data-target=\"1\" data-href=\"\" org-src-=\"http:\/\/ikar.hr\/wordpress\/wp-content\/uploads\/wp-responsive-photo-gallery\/9350d4d51f9f75f6ab3c27327eea7e51.jpg\"  \/><\/li> \n\n                             \n                    <li><img data-target=\"1\" data-href=\"\" org-src-=\"http:\/\/ikar.hr\/wordpress\/wp-content\/uploads\/wp-responsive-photo-gallery\/4493ebcf803e09aa4577dd22d21111d3.jpg\"  \/><\/li> \n\n                             \n                    <li><img data-target=\"1\" data-href=\"\" org-src-=\"http:\/\/ikar.hr\/wordpress\/wp-content\/uploads\/wp-responsive-photo-gallery\/4f9a16a59c8a27ba8d1cf9908ae31de8.jpg\"  \/><\/li> \n\n                             \n                    <li><img data-target=\"1\" data-href=\"\" org-src-=\"http:\/\/ikar.hr\/wordpress\/wp-content\/uploads\/wp-responsive-photo-gallery\/35e4e4bf76f7e56aa8c7dc508eafb7a4.jpg\"  \/><\/li> \n\n                       \n                   \n        <\/ul>\n    <\/div>                  \n    <script type=\"text\/javascript\">\n\n\n                      \n        var interval_69e074e5da6f5 = setInterval(function() {\n\n        if(document.readyState === 'complete') {\n\n           clearInterval(interval_69e074e5da6f5);\n            \n                \n        \n                jQuery(\"#gallery_slider69e074e5da37c\").css('visibility','visible');\n                 \n                var galleryItems8745;\n                jQuery(function(){\n                        galleryItems8745 = jQuery(\"#gallery_slider69e074e5da37c\");\n\n                        var galleryItemDivs = jQuery('#divSliderMain_admin_gallery_slider69e074e5da37c');\n\n                        galleryItems8745.each(function (index, item){\n                                item.parent_data = jQuery(item).parent(\"#divSliderMain_admin_gallery_slider69e074e5da37c\");\n                        });\n\n                        galleryItemDivs.each(function(index, item){\n\n                                jQuery(\"ul\",this).galleryView({\n\n                                        transition_speed:1000,         \/\/INT - duration of panel\/frame transition (in milliseconds)\n                                        transition_interval:4000,         \/\/INT - delay between panel\/frame transitions (in milliseconds)\n                                        easing:'',                 \/\/STRING - easing method to use for animations (jQuery provides 'swing' or 'linear', more available with jQuery UI or Easing plugin)\n                                        show_panels:true,                 \/\/BOOLEAN - flag to show or hide panel portion of gallery\n                                        show_panel_nav:true,             \/\/BOOLEAN - flag to show or hide panel navigation buttons\n                                        enable_overlays:false,             \/\/BOOLEAN - flag to show or hide panel overlays\n                                        panel_width:600,                 \/\/INT - width of gallery panel (in pixels)\n                                        panel_height:400,                 \/\/INT - height of gallery panel (in pixels)\n                                        panel_animation:'fade',         \/\/STRING - animation method for panel transitions (crossfade,fade,slide,none)\n                                        panel_scale: 'crop',             \/\/STRING - cropping option for panel images (crop = scale image and fit to aspect ratio determined by panel_width and panel_height, fit = scale image and preserve original aspect ratio)\n                                        overlay_position:'bottom',     \/\/STRING - position of panel overlay (bottom, top)\n                                        pan_images:true,                \/\/BOOLEAN - flag to allow user to grab\/drag oversized images within gallery\n                                        pan_style:'drag',                \/\/STRING - panning method (drag = user clicks and drags image to pan, track = image automatically pans based on mouse position\n                                        start_frame:'1',                 \/\/INT - index of panel\/frame to show first when gallery loads\n                                        show_filmstrip:true,             \/\/BOOLEAN - flag to show or hide filmstrip portion of gallery\n                                        show_filmstrip_nav:false,         \/\/BOOLEAN - flag indicating whether to display navigation buttons\n                                        enable_slideshow:true,            \/\/BOOLEAN - flag indicating whether to display slideshow play\/pause button\n                                        autoplay:true,                \/\/BOOLEAN - flag to start slideshow on gallery load\n                                        show_captions:false,             \/\/BOOLEAN - flag to show or hide frame captions    \n                                        filmstrip_style: 'scroll',         \/\/STRING - type of filmstrip to use (scroll = display one line of frames, scroll filmstrip if necessary, showall = display multiple rows of frames if necessary)\n                                        filmstrip_position:'bottom',     \/\/STRING - position of filmstrip within gallery (bottom, top, left, right)\n                                        frame_width:80,                 \/\/INT - width of filmstrip frames (in pixels)\n                                        frame_height:80,                 \/\/INT - width of filmstrip frames (in pixels)\n                                        frame_opacity:0.4,             \/\/FLOAT - transparency of non-active frames (1.0 = opaque, 0.0 = transparent)\n                                        frame_scale: 'crop',             \/\/STRING - cropping option for filmstrip images (same as above)\n                                        frame_gap:1,                     \/\/INT - spacing between frames within filmstrip (in pixels)\n                                        show_infobar:false,                \/\/BOOLEAN - flag to show or hide infobar\n                                        infobar_opacity:1,               \/\/FLOAT - transparency for info bar\n                                        clickable: 'all'\n\n                                });\n\n                        }); \n\n\n                        var oldsize_w8745=600;\n                        var oldsize_h8745=400;\n\n                        function resizegallery8745(){\n\n                            if(galleryItems8745==undefined){return;}\n                            galleryItems8745.each(function (index, item){\n                                    var $parent = item.parent_data;\n\n                                    \/\/ width based on parent?\n                                    var width = ($parent.innerWidth()-10);\/\/2 times 5 pixels margin\n                                    var height = ($parent.innerHeight()-10);\/\/2 times 5 pixels margin\n                                    if(oldsize_w8745==width){\n                                        return;\n                                    }\n                                    oldsize_w8745=width;\n                                    var resizeToHeight=width\/3*2;\n                                    if(resizeToHeight>400){\n                                        resizeToHeight=400;  \n                                    }\n                                    thumbfactor = width\/(600-10);\n\n                                    jQuery(item).resizeGalleryView(\n                                        width, \n                                        resizeToHeight, 80*thumbfactor, 80*thumbfactor);\n\n                            });\n                        }\n\n                        var inited8745=false;\n\n                        function onresize8745(){  \n                            resizegallery8745();\n                            inited8745=true;\n                        }\n\n\n                        jQuery(window).resize(onresize8745);\n                        jQuery( document ).ready(function() {\n                                onresize8745();\n                        }); \n\n                });   \n\n\n         }    \n        }, 100);\n\n\n    <\/script><!-- end print_my_responsive_photo_gallery_func --><\/pre>\n","protected":false},"excerpt":{"rendered":"<p>Neke dekorativne tehnike tvornice San Marco Nova tehnika u asortimanu, SAN MARCO CAVERNIER Vi\u0161e o dekorativnim tehnikama na stranicama proizvo\u0111a\u010da SAN MARCO<\/p>\n","protected":false},"author":1,"featured_media":0,"parent":0,"menu_order":0,"comment_status":"closed","ping_status":"closed","template":"","meta":[],"_links":{"self":[{"href":"https:\/\/ikar.hr\/wordpress\/wp-json\/wp\/v2\/pages\/380"}],"collection":[{"href":"https:\/\/ikar.hr\/wordpress\/wp-json\/wp\/v2\/pages"}],"about":[{"href":"https:\/\/ikar.hr\/wordpress\/wp-json\/wp\/v2\/types\/page"}],"author":[{"embeddable":true,"href":"https:\/\/ikar.hr\/wordpress\/wp-json\/wp\/v2\/users\/1"}],"replies":[{"embeddable":true,"href":"https:\/\/ikar.hr\/wordpress\/wp-json\/wp\/v2\/comments?post=380"}],"version-history":[{"count":12,"href":"https:\/\/ikar.hr\/wordpress\/wp-json\/wp\/v2\/pages\/380\/revisions"}],"predecessor-version":[{"id":487,"href":"https:\/\/ikar.hr\/wordpress\/wp-json\/wp\/v2\/pages\/380\/revisions\/487"}],"wp:attachment":[{"href":"https:\/\/ikar.hr\/wordpress\/wp-json\/wp\/v2\/media?parent=380"}],"curies":[{"name":"wp","href":"https:\/\/api.w.org\/{rel}","templated":true}]}}