{"id":33,"date":"2011-03-29T17:04:09","date_gmt":"2011-03-29T15:04:09","guid":{"rendered":"http:\/\/ikar.hr\/wordpress\/?page_id=33"},"modified":"2023-01-18T12:57:35","modified_gmt":"2023-01-18T11:57:35","slug":"box1","status":"publish","type":"page","link":"https:\/\/ikar.hr\/wordpress\/box1\/","title":{"rendered":"Novosti u na\u0161oj ponudi"},"content":{"rendered":"<p>Novo, pigmenti za ru\u010dno nijansiranje za sintetske boje i boje na vodenoj bazi<\/p>\n<p><a href=\"http:\/\/ikar.hr\/wordpress\/wp-content\/uploads\/2011\/03\/IMG_6058x.jpg\"><img loading=\"lazy\" class=\"wp-image-480 aligncenter\" src=\"http:\/\/ikar.hr\/wordpress\/wp-content\/uploads\/2011\/03\/IMG_6058x.jpg\" alt=\"IMG_6058x\" width=\"581\" height=\"177\" srcset=\"https:\/\/ikar.hr\/wordpress\/wp-content\/uploads\/2011\/03\/IMG_6058x.jpg 4754w, https:\/\/ikar.hr\/wordpress\/wp-content\/uploads\/2011\/03\/IMG_6058x-300x92.jpg 300w, https:\/\/ikar.hr\/wordpress\/wp-content\/uploads\/2011\/03\/IMG_6058x-1024x313.jpg 1024w, https:\/\/ikar.hr\/wordpress\/wp-content\/uploads\/2011\/03\/IMG_6058x-1050x321.jpg 1050w, https:\/\/ikar.hr\/wordpress\/wp-content\/uploads\/2011\/03\/IMG_6058x-250x76.jpg 250w, https:\/\/ikar.hr\/wordpress\/wp-content\/uploads\/2011\/03\/IMG_6058x-150x46.jpg 150w\" sizes=\"(max-width: 581px) 100vw, 581px\" \/><\/a><\/p>\n<p>Ve\u0107 poznata unutarnja periva boja DE KOLOR od sada i u pakiranju od 1L.<\/p>\n<p><a href=\"http:\/\/ikar.hr\/wordpress\/wp-content\/uploads\/2011\/03\/12038015_1251971221495783_555861676615011405_n.jpg\"><img loading=\"lazy\" class=\"wp-image-477 aligncenter\" src=\"http:\/\/ikar.hr\/wordpress\/wp-content\/uploads\/2011\/03\/12038015_1251971221495783_555861676615011405_n.jpg\" alt=\"12038015_1251971221495783_555861676615011405_n\" width=\"503\" height=\"336\" srcset=\"https:\/\/ikar.hr\/wordpress\/wp-content\/uploads\/2011\/03\/12038015_1251971221495783_555861676615011405_n.jpg 960w, https:\/\/ikar.hr\/wordpress\/wp-content\/uploads\/2011\/03\/12038015_1251971221495783_555861676615011405_n-300x200.jpg 300w, https:\/\/ikar.hr\/wordpress\/wp-content\/uploads\/2011\/03\/12038015_1251971221495783_555861676615011405_n-555x370.jpg 555w, https:\/\/ikar.hr\/wordpress\/wp-content\/uploads\/2011\/03\/12038015_1251971221495783_555861676615011405_n-225x150.jpg 225w, https:\/\/ikar.hr\/wordpress\/wp-content\/uploads\/2011\/03\/12038015_1251971221495783_555861676615011405_n-150x100.jpg 150w\" sizes=\"(max-width: 503px) 100vw, 503px\" \/><\/a><\/p>\n<p>Dragi na\u0161i kupci, u va\u0161oj svakodnevnoj borbi protiv ruzine poku\u0161at \u0107emo vam pomo\u0107i proizvodima nizozemske tvornice\u00a0<a href=\"http:\/\/www.rustoleum.com\/\" target=\"_blank\" rel=\"noopener\">RUST-OLEUM<\/a>.<br \/>\n-boja se aplicira direktno na ruzinu, kistom, valjkom ili \u0161pricanjem<br \/>\n-pokrivnost je oko 7-8 metara kvadratnih po premazu<br \/>\n&#8211; suho: na dodir 2h<br \/>\nza rukovanje 8h<br \/>\nslijede\u0107i premaz 16h<\/p>\n<p><a href=\"http:\/\/ikar.hr\/wordpress\/wp-content\/uploads\/2011\/03\/IMG_8363x-e1431949171892.jpg\"><img loading=\"lazy\" class=\"alignnone wp-image-462\" src=\"http:\/\/ikar.hr\/wordpress\/wp-content\/uploads\/2011\/03\/IMG_8363x-e1431949171892.jpg\" alt=\"IMG_8363x\" width=\"595\" height=\"396\" \/><\/a><\/p>\n","protected":false},"excerpt":{"rendered":"<p>Novo, pigmenti za ru\u010dno nijansiranje za sintetske boje i boje na vodenoj bazi Ve\u0107 poznata unutarnja periva boja DE KOLOR od sada i u pakiranju od 1L. Dragi na\u0161i kupci, u va\u0161oj svakodnevnoj borbi protiv ruzine poku\u0161at \u0107emo vam pomo\u0107i proizvodima nizozemske tvornice\u00a0RUST-OLEUM. -boja se aplicira direktno na ruzinu, kistom, \u2026 <a class=\"continue-reading-link\" href=\"https:\/\/ikar.hr\/wordpress\/box1\/\"> Continue reading <span class=\"meta-nav\">&rarr; <\/span><\/a><\/p>\n","protected":false},"author":1,"featured_media":0,"parent":0,"menu_order":3,"comment_status":"closed","ping_status":"closed","template":"","meta":[],"_links":{"self":[{"href":"https:\/\/ikar.hr\/wordpress\/wp-json\/wp\/v2\/pages\/33"}],"collection":[{"href":"https:\/\/ikar.hr\/wordpress\/wp-json\/wp\/v2\/pages"}],"about":[{"href":"https:\/\/ikar.hr\/wordpress\/wp-json\/wp\/v2\/types\/page"}],"author":[{"embeddable":true,"href":"https:\/\/ikar.hr\/wordpress\/wp-json\/wp\/v2\/users\/1"}],"replies":[{"embeddable":true,"href":"https:\/\/ikar.hr\/wordpress\/wp-json\/wp\/v2\/comments?post=33"}],"version-history":[{"count":27,"href":"https:\/\/ikar.hr\/wordpress\/wp-json\/wp\/v2\/pages\/33\/revisions"}],"predecessor-version":[{"id":499,"href":"https:\/\/ikar.hr\/wordpress\/wp-json\/wp\/v2\/pages\/33\/revisions\/499"}],"wp:attachment":[{"href":"https:\/\/ikar.hr\/wordpress\/wp-json\/wp\/v2\/media?parent=33"}],"curies":[{"name":"wp","href":"https:\/\/api.w.org\/{rel}","templated":true}]}}