{"id":27,"date":"2011-03-25T09:01:01","date_gmt":"2011-03-25T08:01:01","guid":{"rendered":"http:\/\/ikar.hr\/wordpress\/?page_id=27"},"modified":"2014-03-10T17:22:37","modified_gmt":"2014-03-10T16:22:37","slug":"27-2","status":"publish","type":"page","link":"https:\/\/ikar.hr\/wordpress\/","title":{"rendered":""},"content":{"rendered":"<h1 style=\"text-align: center;\"><em><strong>Dobro do\u0161li u Rodul, kod nas \u0107ete prona\u0107i sve!<\/strong><\/em><\/h1>\n<p>&nbsp;<\/p>\n<table border=\"1\" cellspacing=\"0\" cellpadding=\"0\" align=\"left\">\n<tbody>\n<tr>\n<td valign=\"top\" width=\"208\">\n<p style=\"text-align: justify;\"><img loading=\"lazy\" class=\"alignnone  wp-image-232\" alt=\"drvo\" src=\"http:\/\/ikar.hr\/wordpress\/wp-content\/uploads\/2013\/11\/drvo.png\" width=\"294\" height=\"102\" srcset=\"https:\/\/ikar.hr\/wordpress\/wp-content\/uploads\/2013\/11\/drvo.png 367w, https:\/\/ikar.hr\/wordpress\/wp-content\/uploads\/2013\/11\/drvo-300x104.png 300w, https:\/\/ikar.hr\/wordpress\/wp-content\/uploads\/2013\/11\/drvo-250x87.png 250w, https:\/\/ikar.hr\/wordpress\/wp-content\/uploads\/2013\/11\/drvo-150x52.png 150w\" sizes=\"(max-width: 294px) 100vw, 294px\" \/>\u00a0Ure\u0111ujete svoju staru drvenu ogradu, morate ponovno obojiti prozore ili se profesionalno bavite obradom drveta. Obratite nam se sa povjerenjem i za sebe odaberite najbolje iz na\u0161eg asortimana preparata za drvo.<\/p>\n<\/td>\n<td style=\"text-align: justify;\" valign=\"top\" width=\"208\">\n<p style=\"text-align: justify;\"><img loading=\"lazy\" class=\"alignnone  wp-image-234\" alt=\"\u017eeljezo\" src=\"http:\/\/ikar.hr\/wordpress\/wp-content\/uploads\/2013\/11\/\u017eeljezo.png\" width=\"294\" height=\"102\" srcset=\"https:\/\/ikar.hr\/wordpress\/wp-content\/uploads\/2013\/11\/\u017eeljezo.png 367w, https:\/\/ikar.hr\/wordpress\/wp-content\/uploads\/2013\/11\/\u017eeljezo-300x104.png 300w, https:\/\/ikar.hr\/wordpress\/wp-content\/uploads\/2013\/11\/\u017eeljezo-250x87.png 250w, https:\/\/ikar.hr\/wordpress\/wp-content\/uploads\/2013\/11\/\u017eeljezo-150x52.png 150w\" sizes=\"(max-width: 294px) 100vw, 294px\" \/>\u00a0Supruga vas je natjerala da sredite \u017eeljeznu ogradu ispred ku\u0107e ili oko ku\u0107e? Bez brige nema potrebe za brusnim papirom i beskrajnim gutanjem \u017eeljezne pra\u0161ine. Kod nas \u0107ete prona\u0107i preparate koji se nanose direktno na metal bez prethodne obrade.<\/p>\n<\/td>\n<td valign=\"top\" width=\"208\">\n<p style=\"text-align: justify;\"><img loading=\"lazy\" class=\"alignnone  wp-image-233\" alt=\"zid\" src=\"http:\/\/ikar.hr\/wordpress\/wp-content\/uploads\/2013\/11\/zid.png\" width=\"294\" height=\"102\" srcset=\"https:\/\/ikar.hr\/wordpress\/wp-content\/uploads\/2013\/11\/zid.png 367w, https:\/\/ikar.hr\/wordpress\/wp-content\/uploads\/2013\/11\/zid-300x103.png 300w, https:\/\/ikar.hr\/wordpress\/wp-content\/uploads\/2013\/11\/zid-250x86.png 250w, https:\/\/ikar.hr\/wordpress\/wp-content\/uploads\/2013\/11\/zid-150x51.png 150w\" sizes=\"(max-width: 294px) 100vw, 294px\" \/>\u00a0Dosadili su vam zidovi. Morate obnoviti fasadu ili ju tek postaviti. Kod nas mo\u017eete prona\u0107i veliki asortiman razli\u010ditih tehnika, boja i fasadnih sustava renomiranih proizvo\u0111a\u010da.<\/p>\n<\/td>\n<\/tr>\n<tr>\n<td valign=\"top\" width=\"208\"><\/td>\n<td valign=\"top\" width=\"208\"><\/td>\n<td valign=\"top\" width=\"208\"><\/td>\n<\/tr>\n<\/tbody>\n<\/table>\n","protected":false},"excerpt":{"rendered":"<p>Dobro do\u0161li u Rodul, kod nas \u0107ete prona\u0107i sve! &nbsp; \u00a0Ure\u0111ujete svoju staru drvenu ogradu, morate ponovno obojiti prozore ili se profesionalno bavite obradom drveta. Obratite nam se sa povjerenjem i za sebe odaberite najbolje iz na\u0161eg asortimana preparata za drvo. \u00a0Supruga vas je natjerala da sredite \u017eeljeznu ogradu ispred \u2026 <a class=\"continue-reading-link\" href=\"https:\/\/ikar.hr\/wordpress\/\"> Continue reading <span class=\"meta-nav\">&rarr; <\/span><\/a><\/p>\n","protected":false},"author":1,"featured_media":0,"parent":0,"menu_order":0,"comment_status":"closed","ping_status":"closed","template":"template-onecolumn.php","meta":[],"_links":{"self":[{"href":"https:\/\/ikar.hr\/wordpress\/wp-json\/wp\/v2\/pages\/27"}],"collection":[{"href":"https:\/\/ikar.hr\/wordpress\/wp-json\/wp\/v2\/pages"}],"about":[{"href":"https:\/\/ikar.hr\/wordpress\/wp-json\/wp\/v2\/types\/page"}],"author":[{"embeddable":true,"href":"https:\/\/ikar.hr\/wordpress\/wp-json\/wp\/v2\/users\/1"}],"replies":[{"embeddable":true,"href":"https:\/\/ikar.hr\/wordpress\/wp-json\/wp\/v2\/comments?post=27"}],"version-history":[{"count":23,"href":"https:\/\/ikar.hr\/wordpress\/wp-json\/wp\/v2\/pages\/27\/revisions"}],"predecessor-version":[{"id":389,"href":"https:\/\/ikar.hr\/wordpress\/wp-json\/wp\/v2\/pages\/27\/revisions\/389"}],"wp:attachment":[{"href":"https:\/\/ikar.hr\/wordpress\/wp-json\/wp\/v2\/media?parent=27"}],"curies":[{"name":"wp","href":"https:\/\/api.w.org\/{rel}","templated":true}]}}