{"id":267,"date":"2014-01-23T13:54:12","date_gmt":"2014-01-23T12:54:12","guid":{"rendered":"http:\/\/ikar.hr\/wordpress\/?page_id=267"},"modified":"2023-01-18T12:56:35","modified_gmt":"2023-01-18T11:56:35","slug":"aktualni-proizvodi","status":"publish","type":"page","link":"https:\/\/ikar.hr\/wordpress\/aktualni-proizvodi\/","title":{"rendered":"Specijalni proizvodi"},"content":{"rendered":"<p>Izmjenom drvene stolarije aluminijskom ili PVC-om, gljivice se pojavljuju i u stanovima u kojima ih nije nikada bilo.<br \/>\nUkoliko je problem sa curenjem vode izvana uslijed kojeg se stvaraju gljivice, \u00a0jedino pravo rje\u0161enje je sanacija fasade\/prodora vode izvana, te nakon toga \u010di\u0161\u0107enje i sanacija iznutra.<\/p>\n<p>U tom poslu mogu nam pomo\u0107i proizvodi slovenske tvornice TKK, <a href=\"http:\/\/www.tkk.si\/si\/izdelki\/izdelki-glede-na-lastnosti\/montiramo-in-tesnimo\/tekadom\/tekadom-vodotesna-masa\" target=\"_blank\" rel=\"noopener\">TEKADOM<\/a>.<br \/>\n<img loading=\"lazy\" class=\"size-full wp-image-297 aligncenter\" src=\"http:\/\/ikar.hr\/wordpress\/wp-content\/uploads\/2014\/01\/tekadom.png\" alt=\"tekadom\" width=\"200\" height=\"200\" srcset=\"https:\/\/ikar.hr\/wordpress\/wp-content\/uploads\/2014\/01\/tekadom.png 200w, https:\/\/ikar.hr\/wordpress\/wp-content\/uploads\/2014\/01\/tekadom-150x150.png 150w\" sizes=\"(max-width: 200px) 100vw, 200px\" \/><br \/>\nTekadom <a href=\"http:\/\/www.tkk.si\/si\/izdelki\/izdelki-glede-na-lastnosti\/montiramo-in-tesnimo\/tekadom\/tekadom-vodotesni-premaz\" target=\"_blank\" rel=\"noopener\">vodonepropusni premaz<\/a>\u00a0na tr\u017ei\u0161te dolazi u pakiranju od jednog kilograma. Gusta sivkasta masa oja\u010dana staklenim vlaknma sposobna zapuniti kanale do 5mm \u0161irine. Prima na gotovo sve podloge, na mokro i masno, te je zbog toga pogodna za brze popravke. Mo\u017ee se bojati nakon su\u0161enja.<\/p>\n<p>Tekadom <a href=\"http:\/\/www.tkk.si\/si\/izdelki\/izdelki-glede-na-lastnosti\/montiramo-in-tesnimo\/tekadom\/tekadom-vodotesna-masa\" target=\"_blank\" rel=\"noopener\">vodonepropusna masa<\/a>\u00a0pakirana u kartu\u0161u (kao silikon), prozirna je, mo\u017ee se bojati nakon cca 24 sata, prima na ve\u0107inu gra\u0111evinskih materijala, asfalt, bitumen i ve\u0107inu plastika. \u010cesto se koristi za brtvljenje op\u0161ava od dimnjaka.<\/p>\n<p>Ako je problem nastao kondenzacijom vlage na hladnom zidu unutra, rje\u0161enje je \u010de\u0161\u0107e provjetravanje, ili odvla\u017eivanje zraka.<\/p>\n<p>Kad kre\u0107emo u sanaciju takvih povr\u0161ina, prvo je potrebno ukloniti mehani\u010dki nenosive premaze. Nakon toga se nosivi zara\u017eeni dijelovi \u010diste.<br \/>\nZa \u010di\u0161\u0107enje vam mo\u017eemo ponuditi nekoliko proizvoda (klikom na link na nazivu proizvoda dobijate detaljniji opis i uputu za kori\u0161tenje):<\/p>\n<p>Prvi na listi bi bio <a href=\"http:\/\/www.tki.si\/proizvodi\/izdelki-siroke-potrosnje\/cistila-za-gospodinjstvo\/\" target=\"_blank\" rel=\"noopener\">CLOX<\/a>, proizvod slovenske tvornice TKI.<br \/>\nNakon \u0161to se nanese pumpicom, pusti se da odreagira i nakon su\u0161enja se zid farba.<\/p>\n<p><img loading=\"lazy\" class=\"size-full wp-image-271 aligncenter\" src=\"http:\/\/ikar.hr\/wordpress\/wp-content\/uploads\/2014\/01\/Clox.jpg\" alt=\"Clox\" width=\"600\" height=\"600\" srcset=\"https:\/\/ikar.hr\/wordpress\/wp-content\/uploads\/2014\/01\/Clox.jpg 600w, https:\/\/ikar.hr\/wordpress\/wp-content\/uploads\/2014\/01\/Clox-150x150.jpg 150w, https:\/\/ikar.hr\/wordpress\/wp-content\/uploads\/2014\/01\/Clox-300x300.jpg 300w, https:\/\/ikar.hr\/wordpress\/wp-content\/uploads\/2014\/01\/Clox-370x370.jpg 370w\" sizes=\"(max-width: 600px) 100vw, 600px\" \/><\/p>\n<p>Drugi proizvod za \u010di\u0161\u0107enje je <a href=\"http:\/\/www.san-marco-adriatica.hr\/katalog\/specijalni-proizvodi\/proizvodi-protiv-pljensi\/combat-222\/\" target=\"_blank\" rel=\"noopener\">COMBAT 222<\/a>. Proizvo\u0111a\u010d je SAN MARCO. Na\u010din upotrebe je isti kao kod CLOXa.<\/p>\n<p><img loading=\"lazy\" class=\"size-full wp-image-272 aligncenter\" src=\"http:\/\/ikar.hr\/wordpress\/wp-content\/uploads\/2014\/01\/combat.jpeg\" alt=\"combat\" width=\"303\" height=\"166\" srcset=\"https:\/\/ikar.hr\/wordpress\/wp-content\/uploads\/2014\/01\/combat.jpeg 303w, https:\/\/ikar.hr\/wordpress\/wp-content\/uploads\/2014\/01\/combat-300x164.jpeg 300w, https:\/\/ikar.hr\/wordpress\/wp-content\/uploads\/2014\/01\/combat-250x136.jpeg 250w, https:\/\/ikar.hr\/wordpress\/wp-content\/uploads\/2014\/01\/combat-150x82.jpeg 150w\" sizes=\"(max-width: 303px) 100vw, 303px\" \/><\/p>\n<p>Tre\u0107i proizvod je <a href=\"http:\/\/www.caparol.hr\/desktopdefault.aspx?tabID=8860&amp;alias=hr&amp;lang=hr&amp;ug1=17903&amp;ug2=17950&amp;ug3=4619\" target=\"_blank\" rel=\"noopener\">CAPATOX<\/a>\u00a0tvornice CAPAROL. Nanosi se kistom na zara\u017eene povr\u0161ine i nakon su\u0161enja se povr\u0161ine bojaju.<\/p>\n<p><img loading=\"lazy\" class=\"size-full wp-image-273 aligncenter\" src=\"http:\/\/ikar.hr\/wordpress\/wp-content\/uploads\/2014\/01\/capatox.jpg\" alt=\"capatox\" width=\"500\" height=\"560\" srcset=\"https:\/\/ikar.hr\/wordpress\/wp-content\/uploads\/2014\/01\/capatox.jpg 500w, https:\/\/ikar.hr\/wordpress\/wp-content\/uploads\/2014\/01\/capatox-267x300.jpg 267w, https:\/\/ikar.hr\/wordpress\/wp-content\/uploads\/2014\/01\/capatox-330x370.jpg 330w, https:\/\/ikar.hr\/wordpress\/wp-content\/uploads\/2014\/01\/capatox-133x150.jpg 133w\" sizes=\"(max-width: 500px) 100vw, 500px\" \/><\/p>\n<p>Nakon \u010di\u0161\u0107enja bilo bi po\u017eeljno na te problemati\u010dne podloge nanesti specijalno razvijene boje koje spre\u010davaju razvoj gljivica.<br \/>\nU ovom slu\u010daju mo\u017eemo vam ponuditi tri proizvoda od dvije tvornice,<br \/>\n<a href=\"http:\/\/www.caparol.hr\/desktopdefault.aspx?tabID=8860&amp;alias=hr&amp;lang=hr&amp;ug1=17903&amp;ug2=17924&amp;ug3=4600\" target=\"_blank\" rel=\"noopener\">INDEKO W\u00a0<\/a>\u00a0tvornice Caparol,<\/p>\n<p><img loading=\"lazy\" class=\"size-full wp-image-274 aligncenter\" src=\"http:\/\/ikar.hr\/wordpress\/wp-content\/uploads\/2014\/01\/Caparol-Indeko-W-e1390481505759.jpg\" alt=\"Caparol Indeko-W\" width=\"600\" height=\"440\" \/><\/p>\n<p><a href=\"http:\/\/www.san-marco-adriatica.hr\/katalog\/zidne-boje\/zidne-boje-protiv-pljesni\/\" target=\"_blank\" rel=\"noopener\">COMBAT 777<\/a>\u00a0\u00a0tvornice San Marco,<\/p>\n<p><img loading=\"lazy\" class=\"size-full wp-image-275 aligncenter\" src=\"http:\/\/ikar.hr\/wordpress\/wp-content\/uploads\/2014\/01\/combat-777.jpg\" alt=\"combat-777\" width=\"827\" height=\"909\" srcset=\"https:\/\/ikar.hr\/wordpress\/wp-content\/uploads\/2014\/01\/combat-777.jpg 827w, https:\/\/ikar.hr\/wordpress\/wp-content\/uploads\/2014\/01\/combat-777-272x300.jpg 272w, https:\/\/ikar.hr\/wordpress\/wp-content\/uploads\/2014\/01\/combat-777-336x370.jpg 336w, https:\/\/ikar.hr\/wordpress\/wp-content\/uploads\/2014\/01\/combat-777-136x150.jpg 136w\" sizes=\"(max-width: 827px) 100vw, 827px\" \/><\/p>\n<p>te posebnu termoizolacijsku i fungicidalnu boju <a href=\"http:\/\/www.san-marco-adriatica.hr\/katalog\/zidne-boje\/zidne-boje-protiv-pljesni\/superconfort\/\" target=\"_blank\" rel=\"noopener\">SUPERCONFORT<\/a>\u00a0tvornice San Marco. \u00a0<span style=\"text-decoration: underline;\"><strong>Sada dostupna u pakiranjima od 15, 4 i 1l<\/strong><\/span>!<br \/>\nVi\u0161e o njima mo\u017eete vidjeti na stranicama proizvo\u0111a\u010da, a za bilo kakve nejasno\u0107e nam se slobodno obratite.<\/p>\n<p><img loading=\"lazy\" class=\"size-full wp-image-269 aligncenter\" src=\"http:\/\/ikar.hr\/wordpress\/wp-content\/uploads\/2014\/01\/superconfort.jpg\" alt=\"superconfort\" width=\"831\" height=\"887\" srcset=\"https:\/\/ikar.hr\/wordpress\/wp-content\/uploads\/2014\/01\/superconfort.jpg 831w, https:\/\/ikar.hr\/wordpress\/wp-content\/uploads\/2014\/01\/superconfort-281x300.jpg 281w, https:\/\/ikar.hr\/wordpress\/wp-content\/uploads\/2014\/01\/superconfort-346x370.jpg 346w, https:\/\/ikar.hr\/wordpress\/wp-content\/uploads\/2014\/01\/superconfort-140x150.jpg 140w\" sizes=\"(max-width: 831px) 100vw, 831px\" \/><\/p>\n","protected":false},"excerpt":{"rendered":"<p>Izmjenom drvene stolarije aluminijskom ili PVC-om, gljivice se pojavljuju i u stanovima u kojima ih nije nikada bilo. Ukoliko je problem sa curenjem vode izvana uslijed kojeg se stvaraju gljivice, \u00a0jedino pravo rje\u0161enje je sanacija fasade\/prodora vode izvana, te nakon toga \u010di\u0161\u0107enje i sanacija iznutra. U tom poslu mogu nam \u2026 <a class=\"continue-reading-link\" href=\"https:\/\/ikar.hr\/wordpress\/aktualni-proizvodi\/\"> Continue reading <span class=\"meta-nav\">&rarr; <\/span><\/a><\/p>\n","protected":false},"author":1,"featured_media":0,"parent":0,"menu_order":0,"comment_status":"closed","ping_status":"closed","template":"","meta":[],"_links":{"self":[{"href":"https:\/\/ikar.hr\/wordpress\/wp-json\/wp\/v2\/pages\/267"}],"collection":[{"href":"https:\/\/ikar.hr\/wordpress\/wp-json\/wp\/v2\/pages"}],"about":[{"href":"https:\/\/ikar.hr\/wordpress\/wp-json\/wp\/v2\/types\/page"}],"author":[{"embeddable":true,"href":"https:\/\/ikar.hr\/wordpress\/wp-json\/wp\/v2\/users\/1"}],"replies":[{"embeddable":true,"href":"https:\/\/ikar.hr\/wordpress\/wp-json\/wp\/v2\/comments?post=267"}],"version-history":[{"count":13,"href":"https:\/\/ikar.hr\/wordpress\/wp-json\/wp\/v2\/pages\/267\/revisions"}],"predecessor-version":[{"id":498,"href":"https:\/\/ikar.hr\/wordpress\/wp-json\/wp\/v2\/pages\/267\/revisions\/498"}],"wp:attachment":[{"href":"https:\/\/ikar.hr\/wordpress\/wp-json\/wp\/v2\/media?parent=267"}],"curies":[{"name":"wp","href":"https:\/\/api.w.org\/{rel}","templated":true}]}}