{"id":144,"date":"2013-11-15T12:08:01","date_gmt":"2013-11-15T11:08:01","guid":{"rendered":"http:\/\/ikar.hr\/wordpress\/?page_id=144"},"modified":"2013-11-15T15:07:55","modified_gmt":"2013-11-15T14:07:55","slug":"brtveni-materijali-alati","status":"publish","type":"page","link":"https:\/\/ikar.hr\/wordpress\/brtveni-materijali-alati\/","title":{"rendered":"Brtveni materijali, alati"},"content":{"rendered":"<p>U ponudi imamo i tehni\u010dku gumu u plo\u010di, klingerit (tesnit), staklena platna, staklene pletenice, sipas, teflon, konope, plexiglas..<br \/>\nNavedeni artikli isporu\u010duju se po narud\u017ebi.<\/p>\n","protected":false},"excerpt":{"rendered":"<p>U ponudi imamo i tehni\u010dku gumu u plo\u010di, klingerit (tesnit), staklena platna, staklene pletenice, sipas, teflon, konope, plexiglas.. Navedeni artikli isporu\u010duju se po narud\u017ebi.<\/p>\n","protected":false},"author":1,"featured_media":0,"parent":0,"menu_order":4,"comment_status":"closed","ping_status":"closed","template":"","meta":[],"_links":{"self":[{"href":"https:\/\/ikar.hr\/wordpress\/wp-json\/wp\/v2\/pages\/144"}],"collection":[{"href":"https:\/\/ikar.hr\/wordpress\/wp-json\/wp\/v2\/pages"}],"about":[{"href":"https:\/\/ikar.hr\/wordpress\/wp-json\/wp\/v2\/types\/page"}],"author":[{"embeddable":true,"href":"https:\/\/ikar.hr\/wordpress\/wp-json\/wp\/v2\/users\/1"}],"replies":[{"embeddable":true,"href":"https:\/\/ikar.hr\/wordpress\/wp-json\/wp\/v2\/comments?post=144"}],"version-history":[{"count":1,"href":"https:\/\/ikar.hr\/wordpress\/wp-json\/wp\/v2\/pages\/144\/revisions"}],"predecessor-version":[{"id":146,"href":"https:\/\/ikar.hr\/wordpress\/wp-json\/wp\/v2\/pages\/144\/revisions\/146"}],"wp:attachment":[{"href":"https:\/\/ikar.hr\/wordpress\/wp-json\/wp\/v2\/media?parent=144"}],"curies":[{"name":"wp","href":"https:\/\/api.w.org\/{rel}","templated":true}]}}