{"id":118,"date":"2013-11-06T13:48:48","date_gmt":"2013-11-06T12:48:48","guid":{"rendered":"http:\/\/ikar.hr\/wordpress\/?page_id=118"},"modified":"2014-03-11T01:02:49","modified_gmt":"2014-03-11T00:02:49","slug":"o-nama","status":"publish","type":"page","link":"https:\/\/ikar.hr\/wordpress\/o-nama\/","title":{"rendered":"O nama"},"content":{"rendered":"<p>Poduze\u0107e Ikar d.o.o., osnovano 1994. godine, 1997. godine otvara prvu trgovinu boja i lakova &#8220;NOVA COLOR&#8221; u Rijeci, na adresi 1. Maja 4a. Nakon skromnih po\u010detaka 2004. godine seli u novi poslovni prostor na adresi Vukovarska 96b, te mijenja ime trgovine u &#8220;RODUL&#8221;. Nedugo nakon preseljenja u trgovini se instalira mje\u0161alica visokokvalitetnih <a href=\"http:\/\/www.dulux.hr\/\" target=\"_blank\">DULUX<\/a> boja i lakova, prva na \u0161irem rije\u010dkom podru\u010dju.<\/p>\n<p><img loading=\"lazy\" class=\"size-full wp-image-330 aligncenter\" alt=\"20140305181555_IMG_3171\" src=\"http:\/\/ikar.hr\/wordpress\/wp-content\/uploads\/2013\/11\/20140305181555_IMG_3171.jpg\" width=\"320\" height=\"480\" srcset=\"https:\/\/ikar.hr\/wordpress\/wp-content\/uploads\/2013\/11\/20140305181555_IMG_3171.jpg 320w, https:\/\/ikar.hr\/wordpress\/wp-content\/uploads\/2013\/11\/20140305181555_IMG_3171-200x300.jpg 200w, https:\/\/ikar.hr\/wordpress\/wp-content\/uploads\/2013\/11\/20140305181555_IMG_3171-246x370.jpg 246w, https:\/\/ikar.hr\/wordpress\/wp-content\/uploads\/2013\/11\/20140305181555_IMG_3171-100x150.jpg 100w\" sizes=\"(max-width: 320px) 100vw, 320px\" \/><\/p>\n<p>2009. godine uspje\u0161no se u asortiman unosi program njema\u010dke tvornice<a href=\"http:\/\/www.caparol.hr\/desktopdefault.aspx?tabID=3526&amp;alias=hr&amp;lang=hr\" target=\"_blank\"> CAPAROL<\/a>, te njihova mje\u0161alica koja omogu\u0107uje toniranje zavr\u0161nih \u017ebuka, boja i lakova.<\/p>\n<p><img loading=\"lazy\" class=\"size-full wp-image-331 aligncenter\" alt=\"20140305181206_IMG_3168\" src=\"http:\/\/ikar.hr\/wordpress\/wp-content\/uploads\/2013\/11\/20140305181206_IMG_3168.jpg\" width=\"320\" height=\"480\" srcset=\"https:\/\/ikar.hr\/wordpress\/wp-content\/uploads\/2013\/11\/20140305181206_IMG_3168.jpg 320w, https:\/\/ikar.hr\/wordpress\/wp-content\/uploads\/2013\/11\/20140305181206_IMG_3168-200x300.jpg 200w, https:\/\/ikar.hr\/wordpress\/wp-content\/uploads\/2013\/11\/20140305181206_IMG_3168-246x370.jpg 246w, https:\/\/ikar.hr\/wordpress\/wp-content\/uploads\/2013\/11\/20140305181206_IMG_3168-100x150.jpg 100w\" sizes=\"(max-width: 320px) 100vw, 320px\" \/><\/p>\n<p>2012. godina je tako\u0111er va\u017ena, jer poduze\u0107e postaje distributer talijanske tvornice <a href=\"http:\/\/www.san-marco-adriatica.hr\/\" target=\"_blank\">SAN MARCO<\/a> i njihovih materijala, prvenstveno dekorativnih tehnika, te unutarnjih i vanjskih boja i fasada.<\/p>\n<p><img loading=\"lazy\" class=\"size-full wp-image-332 aligncenter\" alt=\"20140305181241_IMG_3170\" src=\"http:\/\/ikar.hr\/wordpress\/wp-content\/uploads\/2013\/11\/20140305181241_IMG_3170.jpg\" width=\"377\" height=\"487\" srcset=\"https:\/\/ikar.hr\/wordpress\/wp-content\/uploads\/2013\/11\/20140305181241_IMG_3170.jpg 377w, https:\/\/ikar.hr\/wordpress\/wp-content\/uploads\/2013\/11\/20140305181241_IMG_3170-232x300.jpg 232w, https:\/\/ikar.hr\/wordpress\/wp-content\/uploads\/2013\/11\/20140305181241_IMG_3170-286x370.jpg 286w, https:\/\/ikar.hr\/wordpress\/wp-content\/uploads\/2013\/11\/20140305181241_IMG_3170-116x150.jpg 116w\" sizes=\"(max-width: 377px) 100vw, 377px\" \/><\/p>\n<p>Uz navedene tvornice u ponudi imamo i asortimane tvornica <a href=\"http:\/\/www.hempel.hr\/\" target=\"_blank\">HEMPEL<\/a>, <a href=\"http:\/\/www.bifix.hr\/\" target=\"_blank\">BIFIX<\/a>, <a href=\"http:\/\/www.chromos.org\/\" target=\"_blank\">CHROMOS<\/a>, HAMMERITE, SADOLIN, JUB, HENKEL&#8230;<\/p>\n<p>Posjetite nas i poklonite nam povjerenje u rje\u0161avanju Va\u0161ih \u017eelja kod ure\u0111enja interijera i eksterijera.<\/p>\n<p>&nbsp;<\/p>\n","protected":false},"excerpt":{"rendered":"<p>Poduze\u0107e Ikar d.o.o., osnovano 1994. godine, 1997. godine otvara prvu trgovinu boja i lakova &#8220;NOVA COLOR&#8221; u Rijeci, na adresi 1. Maja 4a. Nakon skromnih po\u010detaka 2004. godine seli u novi poslovni prostor na adresi Vukovarska 96b, te mijenja ime trgovine u &#8220;RODUL&#8221;. Nedugo nakon preseljenja u trgovini se instalira \u2026 <a class=\"continue-reading-link\" href=\"https:\/\/ikar.hr\/wordpress\/o-nama\/\"> Continue reading <span class=\"meta-nav\">&rarr; <\/span><\/a><\/p>\n","protected":false},"author":1,"featured_media":0,"parent":0,"menu_order":1,"comment_status":"closed","ping_status":"closed","template":"","meta":[],"_links":{"self":[{"href":"https:\/\/ikar.hr\/wordpress\/wp-json\/wp\/v2\/pages\/118"}],"collection":[{"href":"https:\/\/ikar.hr\/wordpress\/wp-json\/wp\/v2\/pages"}],"about":[{"href":"https:\/\/ikar.hr\/wordpress\/wp-json\/wp\/v2\/types\/page"}],"author":[{"embeddable":true,"href":"https:\/\/ikar.hr\/wordpress\/wp-json\/wp\/v2\/users\/1"}],"replies":[{"embeddable":true,"href":"https:\/\/ikar.hr\/wordpress\/wp-json\/wp\/v2\/comments?post=118"}],"version-history":[{"count":23,"href":"https:\/\/ikar.hr\/wordpress\/wp-json\/wp\/v2\/pages\/118\/revisions"}],"predecessor-version":[{"id":390,"href":"https:\/\/ikar.hr\/wordpress\/wp-json\/wp\/v2\/pages\/118\/revisions\/390"}],"wp:attachment":[{"href":"https:\/\/ikar.hr\/wordpress\/wp-json\/wp\/v2\/media?parent=118"}],"curies":[{"name":"wp","href":"https:\/\/api.w.org\/{rel}","templated":true}]}}